{"id":270,"date":"2018-08-01T03:09:31","date_gmt":"2018-08-01T03:09:31","guid":{"rendered":"http:\/\/demo.casethemes.net\/unfinityplus-finance\/?page_id=270"},"modified":"2024-08-07T07:01:18","modified_gmt":"2024-08-07T07:01:18","slug":"home","status":"publish","type":"page","link":"https:\/\/www.bodvaagro.hu\/en\/","title":{"rendered":"Home"},"content":{"rendered":"<section class=\"wpb-content-wrapper\">[vc_row full_width=&#8221;stretch_row_content_no_spaces&#8221; el_id=&#8221;section-home&#8221;][vc_column][rev_slider_vc alias=&#8221;home-1&#8243;][\/vc_column][\/vc_row][vc_row el_id=&#8221;rolunk&#8221;][vc_column css=&#8221;.vc_custom_1675735987671{padding-top: 73px !important;padding-bottom: 20px !important;}&#8221;][cms_heading text=&#8221;About Us&#8221; align_lg=&#8221;align-center&#8221; align_md=&#8221;align-center-md&#8221; align_sm=&#8221;align-center-sm&#8221; align_xs=&#8221;align-center-xs&#8221; font_size=&#8221;36&#8243; font_size_md=&#8221;36&#8243; font_size_sm=&#8221;36&#8243; font_size_xs=&#8221;30&#8243; font_weight=&#8221;&#8221; divider=&#8221;divider1&#8243; text_color=&#8221;#3a3a3a&#8221;][vc_row_inner][vc_column_inner width=&#8221;1\/2&#8243; css=&#8221;.vc_custom_1676234866538{padding-bottom: 10px !important;}&#8221; animation_column=&#8221;fadeInUp&#8221;][vc_single_image image=&#8221;1108&#8243; img_size=&#8221;large&#8221; css_animation=&#8221;left-to-right&#8221; ct_image_align_md=&#8221;image_align_sm_left&#8221;][\/vc_column_inner][vc_column_inner width=&#8221;1\/2&#8243;][vc_column_text css_animation=&#8221;right-to-left&#8221; css=&#8221;.vc_custom_1721897713084{padding-left: 20px !important;}&#8221;]As a member of the Capstone Invest group of companies, with a center in Komj\u00e1t, our companies deal with arable crop cultivation, forestry, trade in grains and oilseeds, distribution of basic input materials and contract labor for agricultural machinery.<\/p>\n<p style=\"text-align: left;\">Our three companies are Viba 97 Ltd &#8211; which is the first company of our company group -, Capstone Trade Ltd and B\u00f3dva Agro Ltd<\/p>\n<p style=\"text-align: left;\">Our crop production is for the most part wheat, corn and sunflower.<\/p>\n<p style=\"text-align: left;\">We currently operate on 870 hectares and the size of the area cultivated by us is constantly increasing.<\/p>\n<p style=\"text-align: left;\">Continuously expanding our fleet, we are proud to have become one of the leading agricultural companies in our region.<\/p>\n[\/vc_column_text][\/vc_column_inner][\/vc_row_inner][\/vc_column][\/vc_row][vc_row full_width=&#8221;stretch_row&#8221; parallax=&#8221;content-moving&#8221; parallax_image=&#8221;238&#8243; parallax_speed_bg=&#8221;1.8&#8243; ct_row_class=&#8221;row-overlay&#8221; cms_row_class=&#8221;row-overlay&#8221; css=&#8221;.vc_custom_1680565343207{padding-top: 40px !important;padding-bottom: 80px !important;}&#8221; el_id=&#8221;tevekenysegeink&#8221;][vc_column css=&#8221;.vc_custom_1675736159939{padding-top: 20px !important;}&#8221;][cms_heading text=&#8221;Our Activities&#8221; align_lg=&#8221;align-center&#8221; align_md=&#8221;align-center-md&#8221; align_sm=&#8221;align-center-sm&#8221; align_xs=&#8221;align-center-xs&#8221; font_size=&#8221;36&#8243; font_size_md=&#8221;36&#8243; font_size_sm=&#8221;36&#8243; font_size_xs=&#8221;30&#8243; font_weight=&#8221;&#8221; divider=&#8221;divider1&#8243; text_color=&#8221;#3a3a3a&#8221; margin_top=&#8221;0&#8243; margin_right=&#8221;0&#8243; margin_bottom=&#8221;0&#8243; margin_left=&#8221;0&#8243;][vc_row_inner css=&#8221;.vc_custom_1677027785637{padding-top: 20px !important;}&#8221;][vc_column_inner width=&#8221;1\/3&#8243; animation_column=&#8221;fadeInUp&#8221;][vc_single_image image=&#8221;1116&#8243; img_size=&#8221;large&#8221; css_animation=&#8221;left-to-right&#8221; ct_image_align_md=&#8221;image_align_sm_left&#8221;][vc_column_text css_animation=&#8221;right-to-left&#8221; css=&#8221;.vc_custom_1721897818588{padding-left: 20px !important;}&#8221;]\n<p style=\"text-align: center;\"><strong>Arable crop production<\/strong><\/p>\n[\/vc_column_text][\/vc_column_inner][vc_column_inner width=&#8221;1\/3&#8243;][vc_single_image image=&#8221;1094&#8243; img_size=&#8221;large&#8221; css_animation=&#8221;left-to-right&#8221; ct_image_align_md=&#8221;image_align_sm_left&#8221;][vc_column_text css_animation=&#8221;right-to-left&#8221; css=&#8221;.vc_custom_1721897842858{padding-left: 20px !important;}&#8221;]\n<p style=\"text-align: center;\"><strong>Origination of grains and oilseeds<\/strong><\/p>\n[\/vc_column_text][\/vc_column_inner][vc_column_inner width=&#8221;1\/3&#8243;][vc_single_image image=&#8221;1101&#8243; img_size=&#8221;large&#8221; css_animation=&#8221;left-to-right&#8221; ct_image_align_md=&#8221;image_align_sm_left&#8221;][vc_column_text css_animation=&#8221;right-to-left&#8221; css=&#8221;.vc_custom_1721897865427{padding-left: 20px !important;}&#8221;]\n<p style=\"text-align: center;\"><strong>Storage of grains and oilseeds<\/strong><\/p>\n[\/vc_column_text][\/vc_column_inner][\/vc_row_inner][vc_row_inner css=&#8221;.vc_custom_1677027785637{padding-top: 20px !important;}&#8221;][vc_column_inner width=&#8221;1\/3&#8243; animation_column=&#8221;fadeInUp&#8221;][vc_single_image image=&#8221;1087&#8243; img_size=&#8221;large&#8221; css_animation=&#8221;left-to-right&#8221; ct_image_align_md=&#8221;image_align_sm_left&#8221;][vc_column_text css_animation=&#8221;right-to-left&#8221; css=&#8221;.vc_custom_1721897910912{padding-left: 20px !important;}&#8221;]\n<p style=\"text-align: center;\"><strong>Agricultural services<\/strong><\/p>\n[\/vc_column_text][\/vc_column_inner][vc_column_inner width=&#8221;1\/3&#8243;][vc_single_image image=&#8221;1086&#8243; img_size=&#8221;large&#8221; css_animation=&#8221;left-to-right&#8221; ct_image_align_md=&#8221;image_align_sm_left&#8221;][vc_column_text css_animation=&#8221;right-to-left&#8221; css=&#8221;.vc_custom_1721897936208{padding-left: 20px !important;}&#8221;]\n<p style=\"text-align: center;\"><strong>Trade in input materials<\/strong><\/p>\n[\/vc_column_text][\/vc_column_inner][vc_column_inner width=&#8221;1\/3&#8243;][vc_single_image image=&#8221;1076&#8243; img_size=&#8221;large&#8221; css_animation=&#8221;left-to-right&#8221; ct_image_align_md=&#8221;image_align_sm_left&#8221;][vc_column_text css_animation=&#8221;right-to-left&#8221; css=&#8221;.vc_custom_1721897959279{padding-left: 20px !important;}&#8221;]\n<p style=\"text-align: center;\"><strong>Forestry<\/strong><\/p>\n[\/vc_column_text][\/vc_column_inner][\/vc_row_inner][\/vc_column][\/vc_row][vc_row full_width=&#8221;stretch_row&#8221; parallax=&#8221;content-moving&#8221; parallax_image=&#8221;238&#8243; parallax_speed_bg=&#8221;1.8&#8243; ct_row_class=&#8221;row-overlay&#8221; cms_row_class=&#8221;row-overlay&#8221; css=&#8221;.vc_custom_1681780967893{padding-top: 20px !important;padding-bottom: 80px !important;}&#8221; el_id=&#8221;cegcsoportunk&#8221;][vc_column css=&#8221;.vc_custom_1675736159939{padding-top: 20px !important;}&#8221;][cms_heading text=&#8221;Our Company&#8221; align_lg=&#8221;align-center&#8221; align_md=&#8221;align-center-md&#8221; align_sm=&#8221;align-center-sm&#8221; align_xs=&#8221;align-center-xs&#8221; font_size=&#8221;36&#8243; font_size_md=&#8221;36&#8243; font_size_sm=&#8221;36&#8243; font_size_xs=&#8221;30&#8243; font_weight=&#8221;&#8221; divider=&#8221;divider1&#8243; text_color=&#8221;#3a3a3a&#8221; margin_top=&#8221;0&#8243; margin_right=&#8221;0&#8243; margin_bottom=&#8221;0&#8243; margin_left=&#8221;0&#8243;][vc_row_inner css=&#8221;.vc_custom_1677027785637{padding-top: 20px !important;}&#8221;][vc_column_inner width=&#8221;1\/3&#8243; animation_column=&#8221;fadeInUp&#8221;][vc_single_image image=&#8221;1021&#8243; img_size=&#8221;large&#8221; onclick=&#8221;custom_link&#8221; img_link_target=&#8221;_blank&#8221; css_animation=&#8221;left-to-right&#8221; ct_image_align_md=&#8221;image_align_sm_left&#8221; link=&#8221;https:\/\/www.capstone-invest.hu\/en\/&#8221;][\/vc_column_inner][vc_column_inner width=&#8221;1\/3&#8243;][vc_single_image image=&#8221;1024&#8243; img_size=&#8221;large&#8221; css_animation=&#8221;left-to-right&#8221; ct_image_align_md=&#8221;image_align_sm_left&#8221;][\/vc_column_inner][vc_column_inner width=&#8221;1\/3&#8243;][vc_single_image image=&#8221;1122&#8243; img_size=&#8221;large&#8221; onclick=&#8221;custom_link&#8221; img_link_target=&#8221;_blank&#8221; css_animation=&#8221;left-to-right&#8221; ct_image_align_md=&#8221;image_align_sm_left&#8221; link=&#8221;https:\/\/www.capstonetrade.hu\/en\/&#8221;][\/vc_column_inner][\/vc_row_inner][vc_row_inner css=&#8221;.vc_custom_1677027785637{padding-top: 20px !important;}&#8221;][vc_column_inner width=&#8221;1\/3&#8243; animation_column=&#8221;fadeInUp&#8221;][vc_single_image image=&#8221;1078&#8243; img_size=&#8221;large&#8221; onclick=&#8221;custom_link&#8221; img_link_target=&#8221;_blank&#8221; css_animation=&#8221;left-to-right&#8221; ct_image_align_md=&#8221;image_align_sm_left&#8221; link=&#8221;https:\/\/www.tevelagro.hu\/en\/&#8221;][\/vc_column_inner][vc_column_inner width=&#8221;1\/3&#8243;][vc_single_image image=&#8221;1027&#8243; img_size=&#8221;large&#8221; css_animation=&#8221;left-to-right&#8221; ct_image_align_md=&#8221;image_align_sm_left&#8221;][\/vc_column_inner][vc_column_inner width=&#8221;1\/3&#8243;][vc_column_text css_animation=&#8221;right-to-left&#8221; css=&#8221;.vc_custom_1721898010984{padding-left: 20px !important;}&#8221;]\n<p style=\"text-align: center;\"><strong>Several minority stakes in agricultural cooperatives through our farm enterprises<\/strong><\/p>\n[\/vc_column_text][\/vc_column_inner][\/vc_row_inner][\/vc_column][\/vc_row][vc_row full_width=&#8221;stretch_row&#8221; parallax=&#8221;content-moving&#8221; parallax_image=&#8221;238&#8243; parallax_speed_bg=&#8221;1.8&#8243; ct_row_class=&#8221;row-overlay&#8221; cms_row_class=&#8221;row-overlay&#8221; css=&#8221;.vc_custom_1681697091256{padding-top: 40px !important;padding-bottom: 120px !important;background-image: url(https:\/\/www.bodvaagro.hu\/en\/wp-content\/uploads\/2023\/04\/foldberlet.jpg?id=1083) !important;}&#8221; el_id=&#8221;termofold&#8221;][vc_column css=&#8221;.vc_custom_1533033549183{padding-top: 40px !important;}&#8221;][cms_heading text=&#8221;Land lease&#8221; align_lg=&#8221;align-center&#8221; align_md=&#8221;align-center-md&#8221; align_sm=&#8221;align-center-sm&#8221; align_xs=&#8221;align-center-xs&#8221; font_size=&#8221;36&#8243; font_size_md=&#8221;36&#8243; font_size_sm=&#8221;36&#8243; font_size_xs=&#8221;30&#8243; font_weight=&#8221;&#8221; divider=&#8221;divider1&#8243; text_color=&#8221;#ffffff&#8221; margin_bottom=&#8221;50&#8243;][cms_heading text=&#8221;If you want to rent out or sell your farmland, our group  continuously concludes long-term rental contracts with landowners in our area, and our owners buy farmland at the current market price to expand our production.&#8221; tag=&#8221;h5&#8243; align_lg=&#8221;align-center&#8221; align_md=&#8221;align-center-md&#8221; align_sm=&#8221;align-center-sm&#8221; align_xs=&#8221;align-center-xs&#8221; font_size=&#8221;20&#8243; font_size_md=&#8221;20&#8243; font_size_sm=&#8221;16&#8243; font_size_xs=&#8221;12&#8243; font_weight=&#8221;400&#8243; text_color=&#8221;#ffffff&#8221; custom_fonts=&#8221;true&#8221; google_fonts=&#8221;font_family:Roboto%3A100%2C100italic%2C300%2C300italic%2Cregular%2Citalic%2C500%2C500italic%2C700%2C700italic%2C900%2C900italic|font_style:400%20regular%3A400%3Anormal&#8221;][\/vc_column][\/vc_row][vc_row el_id=&#8221;karrier&#8221; css=&#8221;.vc_custom_1681781023255{padding-top: 40px !important;}&#8221;][vc_column css=&#8221;.vc_custom_1677028071312{padding-top: 40px !important;padding-bottom: 20px !important;}&#8221;][cms_heading text=&#8221;Careers&#8221; align_lg=&#8221;align-center&#8221; align_md=&#8221;align-center-md&#8221; align_sm=&#8221;align-center-sm&#8221; align_xs=&#8221;align-center-xs&#8221; font_size=&#8221;36&#8243; font_size_md=&#8221;36&#8243; font_size_sm=&#8221;36&#8243; font_size_xs=&#8221;30&#8243; font_weight=&#8221;&#8221; divider=&#8221;divider1&#8243; text_color=&#8221;#3a3a3a&#8221;][vc_row_inner][vc_column_inner width=&#8221;1\/2&#8243; css=&#8221;.vc_custom_1676234866538{padding-bottom: 10px !important;}&#8221; animation_column=&#8221;fadeInUp&#8221;][vc_column_text css_animation=&#8221;right-to-left&#8221; css=&#8221;.vc_custom_1721898538846{padding-left: 20px !important;}&#8221;]&nbsp;<\/p>\n<p style=\"text-align: left;\">We currently have no open positions.<\/p>\n[\/vc_column_text][\/vc_column_inner][vc_column_inner width=&#8221;1\/2&#8243;][vc_single_image image=&#8221;1100&#8243; img_size=&#8221;large&#8221; css_animation=&#8221;left-to-right&#8221; ct_image_align_md=&#8221;image_align_sm_left&#8221;][\/vc_column_inner][\/vc_row_inner][\/vc_column][\/vc_row][vc_row full_width=&#8221;stretch_row&#8221; parallax=&#8221;content-moving&#8221; parallax_image=&#8221;238&#8243; parallax_speed_bg=&#8221;1.8&#8243; ct_row_class=&#8221;row-overlay&#8221; cms_row_class=&#8221;row-overlay&#8221; css=&#8221;.vc_custom_1677032887324{padding-top: 0px !important;padding-bottom: 80px !important;}&#8221;][vc_column css=&#8221;.vc_custom_1675298230913{padding-top: 40px !important;}&#8221;][vc_row_inner css=&#8221;.vc_custom_1675736307034{padding-top: 20px !important;}&#8221;][vc_column_inner width=&#8221;1\/3&#8243;][\/vc_column_inner][vc_column_inner width=&#8221;1\/3&#8243;][\/vc_column_inner][vc_column_inner width=&#8221;1\/3&#8243;][\/vc_column_inner][\/vc_row_inner][\/vc_column][\/vc_row][vc_row full_width=&#8221;stretch_row&#8221; parallax=&#8221;content-moving&#8221; parallax_image=&#8221;238&#8243; parallax_speed_bg=&#8221;1.8&#8243; ct_row_class=&#8221;row-overlay&#8221; cms_row_class=&#8221;row-overlay&#8221; css=&#8221;.vc_custom_1683063712496{padding-top: 40px !important;padding-bottom: 80px !important;background-image: url(https:\/\/www.bodvaagro.hu\/en\/wp-content\/uploads\/2023\/02\/bg.jpg?id=886) !important;}&#8221;][vc_column width=&#8221;1\/2&#8243; css=&#8221;.vc_custom_1533033549183{padding-top: 40px !important;}&#8221;][vc_raw_html]JTNDaWZyYW1lJTIwc3JjJTNEJTIyaHR0cHMlM0ElMkYlMkZ3d3cuZ29vZ2xlLmNvbSUyRm1hcHMlMkZlbWJlZCUzRnBiJTNEJTIxMW0xOCUyMTFtMTIlMjExbTMlMjExZDUyODIuMjY5MDE5OTM0MjI1JTIxMmQyMC43NDgzMzQ1NTY1NTQyODMlMjEzZDQ4LjU0OTgxNjAyMjM3MTUxJTIxMm0zJTIxMWYwJTIxMmYwJTIxM2YwJTIxM20yJTIxMWkxMDI0JTIxMmk3NjglMjE0ZjEzLjElMjEzbTMlMjExbTIlMjExczB4NDczZjA5NGI5ZGQ4MzkyYiUyNTNBMHhlZjZlZGNkMzZmMGRhZmNlJTIxMnpTMjl0YXNPaGRHa3NJRWRSV0RNclZ6bElMQ0F6TnpZMUlFMWhaM2xoY205eWMzckRvV2MlMjE1ZTAlMjEzbTIlMjExc2h1JTIxMnNlcyUyMTR2MTY4MTgyMDYzMDA5MSUyMTVtMiUyMTFzaHUlMjEyc2VzJTIyJTIwd2lkdGglM0QlMjI2MDAlMjIlMjBoZWlnaHQlM0QlMjI1MTAlMjIlMjBzdHlsZSUzRCUyMmJvcmRlciUzQTAlM0IlMjIlMjBhbGxvd2Z1bGxzY3JlZW4lM0QlMjIlMjIlMjBsb2FkaW5nJTNEJTIybGF6eSUyMiUyMHJlZmVycmVycG9saWN5JTNEJTIybm8tcmVmZXJyZXItd2hlbi1kb3duZ3JhZGUlMjIlM0UlM0MlMkZpZnJhbWUlM0U=[\/vc_raw_html][\/vc_column][vc_column width=&#8221;1\/2&#8243; css=&#8221;.vc_custom_1676236098521{margin-top: -5px !important;padding-top: 40px !important;}&#8221;][cms_heading text=&#8221;Kapcsolat&#8221; font_size=&#8221;30&#8243; font_size_md=&#8221;30&#8243; font_size_sm=&#8221;30&#8243; font_size_xs=&#8221;30&#8243; font_weight=&#8221;600&#8243; divider=&#8221;divider1&#8243; text_color=&#8221;#f5f5f5&#8243; description=&#8221;K\u00e9rj\u00fck adja meg adatait \u00e9s \u00fczenet\u00e9t, felvessz\u00fck \u00d6nnel a kapcsolatot.&#8221; description_color=&#8221;#ffffff&#8221; margin_bottom=&#8221;17&#8243;][vc_empty_space height=&#8221;10px&#8221;][cms_contact_form id=&#8221;767&#8243; form_style=&#8221;form-style2&#8243;][\/vc_column][\/vc_row]\n<\/section>","protected":false},"excerpt":{"rendered":"<p>[vc_row full_width=&#8221;stretch_row_content_no_spaces&#8221; el_id=&#8221;section-home&#8221;][vc_column][rev_slider_vc alias=&#8221;home-1&#8243;][\/vc_column][\/vc_row][vc_row el_id=&#8221;rolunk&#8221;][vc_column css=&#8221;.vc_custom_1675735987671{padding-top: 73px !important;padding-bottom: 20px !important;}&#8221;][cms_heading text=&#8221;About Us&#8221; align_lg=&#8221;align-center&#8221; align_md=&#8221;align-center-md&#8221; align_sm=&#8221;align-center-sm&#8221; align_xs=&#8221;align-center-xs&#8221; font_size=&#8221;36&#8243; font_size_md=&#8221;36&#8243; font_size_sm=&#8221;36&#8243; font_size_xs=&#8221;30&#8243; font_weight=&#8221;&#8221; divider=&#8221;divider1&#8243; text_color=&#8221;#3a3a3a&#8221;][vc_row_inner][vc_column_inner width=&#8221;1\/2&#8243; css=&#8221;.vc_custom_1676234866538{padding-bottom: 10px !important;}&#8221; animation_column=&#8221;fadeInUp&#8221;][vc_single_image image=&#8221;1108&#8243; img_size=&#8221;large&#8221; css_animation=&#8221;left-to-right&#8221; ct_image_align_md=&#8221;image_align_sm_left&#8221;][\/vc_column_inner][vc_column_inner width=&#8221;1\/2&#8243;][vc_column_text css_animation=&#8221;right-to-left&#8221; css=&#8221;.vc_custom_1721897713084{padding-left: 20px !important;}&#8221;]As a member of the Capstone Invest group of companies, with a center in Komj\u00e1t, our companies deal with [&hellip;]<\/p>\n","protected":false},"author":1,"featured_media":0,"parent":0,"menu_order":0,"comment_status":"closed","ping_status":"closed","template":"","meta":{"footnotes":""},"class_list":["post-270","page","type-page","status-publish","hentry"],"_links":{"self":[{"href":"https:\/\/www.bodvaagro.hu\/en\/wp-json\/wp\/v2\/pages\/270","targetHints":{"allow":["GET"]}}],"collection":[{"href":"https:\/\/www.bodvaagro.hu\/en\/wp-json\/wp\/v2\/pages"}],"about":[{"href":"https:\/\/www.bodvaagro.hu\/en\/wp-json\/wp\/v2\/types\/page"}],"author":[{"embeddable":true,"href":"https:\/\/www.bodvaagro.hu\/en\/wp-json\/wp\/v2\/users\/1"}],"replies":[{"embeddable":true,"href":"https:\/\/www.bodvaagro.hu\/en\/wp-json\/wp\/v2\/comments?post=270"}],"version-history":[{"count":149,"href":"https:\/\/www.bodvaagro.hu\/en\/wp-json\/wp\/v2\/pages\/270\/revisions"}],"predecessor-version":[{"id":1196,"href":"https:\/\/www.bodvaagro.hu\/en\/wp-json\/wp\/v2\/pages\/270\/revisions\/1196"}],"wp:attachment":[{"href":"https:\/\/www.bodvaagro.hu\/en\/wp-json\/wp\/v2\/media?parent=270"}],"curies":[{"name":"wp","href":"https:\/\/api.w.org\/{rel}","templated":true}]}}